{"id":2296,"date":"2021-11-02T09:01:00","date_gmt":"2021-11-02T12:01:00","guid":{"rendered":"https:\/\/tecplan.cl\/?post_type=product&#038;p=2296"},"modified":"2024-04-11T17:22:21","modified_gmt":"2024-04-11T21:22:21","slug":"auricular-inalambrico-jabra-pro-920","status":"publish","type":"product","link":"https:\/\/tecplan.cl\/en\/product\/auricular-inalambrico-jabra-pro-920\/","title":{"rendered":"Jabra Pro 920 Wireless Headset"},"content":{"rendered":"<div data-elementor-type=\"product-post\" data-elementor-id=\"2296\" class=\"elementor elementor-2296\" data-elementor-post-type=\"product\">\n\t\t\t\t<div class=\"elementor-element elementor-element-138a23e e-flex e-con-boxed e-con e-parent\" data-id=\"138a23e\" data-element_type=\"container\">\n\t\t\t\t\t<div class=\"e-con-inner\">\n\t\t\t\t<div class=\"elementor-element elementor-element-5c4dd105 elementor-widget elementor-widget-text-editor\" data-id=\"5c4dd105\" data-element_type=\"widget\" data-widget_type=\"text-editor.default\">\n\t\t\t\t<div class=\"elementor-widget-container\">\n\t\t\t\t\t\t\t\t\t<p><strong>Jabra PRO 920 Wireless Monaural Headset<\/strong><\/p><p>Jabra PRO 920 Mono Wireless Headset for Landline Phones offers you a digital signal eliminating background noise and echo, as well as protecting the user against sudden volume spikes. It gives you wireless freedom up to 300 feet. The noise-cancelling microphone reduces unwanted background noise and is ideal for open, crowded and noisy office environments.<\/p><div class=\"caja_producto\">\u00a0<\/div>\t\t\t\t\t\t\t\t<\/div>\n\t\t\t\t<\/div>\n\t\t\t\t<div class=\"elementor-element elementor-element-cc45576 elementor-widget elementor-widget-button\" data-id=\"cc45576\" data-element_type=\"widget\" data-widget_type=\"button.default\">\n\t\t\t\t<div class=\"elementor-widget-container\">\n\t\t\t\t\t\t\t\t\t<div class=\"elementor-button-wrapper\">\n\t\t\t\t\t<a class=\"elementor-button elementor-button-link elementor-size-sm\" href=\"https:\/\/drive.google.com\/file\/d\/1o0lrStGMQvAcvzYpQqel5KlCi840a6WG\/view?usp=drive_link\">\n\t\t\t\t\t\t<span class=\"elementor-button-content-wrapper\">\n\t\t\t\t\t\t\t\t\t<span class=\"elementor-button-text\">Download Technical Sheet<\/span>\n\t\t\t\t\t<\/span>\n\t\t\t\t\t<\/a>\n\t\t\t\t<\/div>\n\t\t\t\t\t\t\t\t<\/div>\n\t\t\t\t<\/div>\n\t\t\t\t\t<\/div>\n\t\t\t\t<\/div>\n\t\t\t\t<\/div>","protected":false},"excerpt":{"rendered":"<p>The Jabra Pro 920 is a monaural wireless headset designed to deliver maximum performance and comfort to users. With the Pro920 you can enjoy the productivity boost that wireless devices provide. Simplicity, high quality and intuitive operation in a single wireless solution.<\/p>\n<p><strong>characteristics:<\/strong><\/p>\n<div class=\"caja_producto\">\n<ul>\n<li>Earphone: monaural version<\/li>\n<li>Micr\u00f3fono antirruido<\/li>\n<li>Great sound clarity<\/li>\n<li>Dedicated button to answer calls<\/li>\n<li>Separate button for volume<\/li>\n<li>LED battery level indicator<\/li>\n<li>Adjustable to the head<\/li>\n<li>Soft and comfortable ear pads<\/li>\n<li>Range up to 120 meters maximum<\/li>\n<li>3 ways to fasten: headband, hook and neck contour<\/li>\n<li>Connectivity: DECT<\/li>\n<li>Version: Monaural version. Ref. 920-25-508-101<\/li>\n<\/ul>\n<\/div>\n<p><strong>Optimized for:<\/strong><\/p>\n<div class=\"caja_producto\">\n<ul>\n<li>Fixed telephony<\/li>\n<\/ul>\n<\/div>","protected":false},"featured_media":6555,"comment_status":"open","ping_status":"closed","template":"","meta":{"site-sidebar-layout":"default","site-content-layout":"","ast-site-content-layout":"default","site-content-style":"default","site-sidebar-style":"default","ast-global-header-display":"","ast-banner-title-visibility":"","ast-main-header-display":"","ast-hfb-above-header-display":"","ast-hfb-below-header-display":"","ast-hfb-mobile-header-display":"","site-post-title":"","ast-breadcrumbs-content":"","ast-featured-img":"","footer-sml-layout":"","theme-transparent-header-meta":"default","adv-header-id-meta":"","stick-header-meta":"","header-above-stick-meta":"","header-main-stick-meta":"","header-below-stick-meta":"","astra-migrate-meta-layouts":"set","ast-page-background-enabled":"default","ast-page-background-meta":{"desktop":{"background-color":"var(--ast-global-color-4)","background-image":"","background-repeat":"repeat","background-position":"center center","background-size":"auto","background-attachment":"scroll","background-type":"","background-media":"","overlay-type":"","overlay-color":"","overlay-opacity":"","overlay-gradient":""},"tablet":{"background-color":"","background-image":"","background-repeat":"repeat","background-position":"center center","background-size":"auto","background-attachment":"scroll","background-type":"","background-media":"","overlay-type":"","overlay-color":"","overlay-opacity":"","overlay-gradient":""},"mobile":{"background-color":"","background-image":"","background-repeat":"repeat","background-position":"center center","background-size":"auto","background-attachment":"scroll","background-type":"","background-media":"","overlay-type":"","overlay-color":"","overlay-opacity":"","overlay-gradient":""}},"ast-content-background-meta":{"desktop":{"background-color":"var(--ast-global-color-5)","background-image":"","background-repeat":"repeat","background-position":"center center","background-size":"auto","background-attachment":"scroll","background-type":"","background-media":"","overlay-type":"","overlay-color":"","overlay-opacity":"","overlay-gradient":""},"tablet":{"background-color":"var(--ast-global-color-5)","background-image":"","background-repeat":"repeat","background-position":"center center","background-size":"auto","background-attachment":"scroll","background-type":"","background-media":"","overlay-type":"","overlay-color":"","overlay-opacity":"","overlay-gradient":""},"mobile":{"background-color":"var(--ast-global-color-5)","background-image":"","background-repeat":"repeat","background-position":"center center","background-size":"auto","background-attachment":"scroll","background-type":"","background-media":"","overlay-type":"","overlay-color":"","overlay-opacity":"","overlay-gradient":""}}},"product_brand":[],"product_cat":[42],"product_tag":[],"class_list":{"0":"post-2296","1":"product","2":"type-product","3":"status-publish","4":"has-post-thumbnail","6":"product_cat-auriculares","7":"desktop-align-left","8":"tablet-align-left","9":"mobile-align-left","11":"first","12":"instock","13":"shipping-taxable","14":"product-type-simple"},"yoast_head":"<!-- This site is optimized with the Yoast SEO plugin v25.6 - https:\/\/yoast.com\/wordpress\/plugins\/seo\/ -->\n<title>Auricular Inal\u00e1mbrico Jabra Pro 920 -<\/title>\n<meta name=\"robots\" content=\"index, follow, max-snippet:-1, max-image-preview:large, max-video-preview:-1\" \/>\n<link rel=\"canonical\" href=\"https:\/\/tecplan.cl\/en\/product\/auricular-inalambrico-jabra-pro-920\/\" \/>\n<meta property=\"og:locale\" content=\"en_US\" \/>\n<meta property=\"og:type\" content=\"article\" \/>\n<meta property=\"og:title\" content=\"Auricular Inal\u00e1mbrico Jabra Pro 920 -\" \/>\n<meta property=\"og:description\" content=\"Jabra Pro 920 es un auricular inal\u00e1mbrico monoaural dise\u00f1ado para ofrecer el m\u00e1ximo rendimiento y confort a los usuarios. Con el modelo Pro920 podr\u00e1 disfrutar del aumento en la productividad que brindan los dispositivos inal\u00e1mbricos. Sencillez, alta calidad y manejo intuitivo en una \u00fanica soluci\u00f3n inal\u00e1mbrica.  Caracter\u00edsticas:    Auricular: versi\u00f3n monoaural  Micr\u00f3fono antirruido  Gran nitidez sonora  Bot\u00f3n exclusivo para responder llamadas  Bot\u00f3n separado para el volumen  Indicador de LED de nivel de bater\u00eda  Ajustable a la cabeza  Amohadillas suaves y c\u00f3modas  Alcance de hasta 120 metros m\u00e1ximo  3 formas de sujetar: diadema, gancho y contorno nuca  Conectividad: DECT  Versi\u00f3n: Versi\u00f3n monoaural. Ref. 920-25-508-101   Optimizado para:    Telefon\u00eda fija\" \/>\n<meta property=\"og:url\" content=\"https:\/\/tecplan.cl\/en\/product\/auricular-inalambrico-jabra-pro-920\/\" \/>\n<meta property=\"article:modified_time\" content=\"2024-04-11T21:22:21+00:00\" \/>\n<meta property=\"og:image\" content=\"https:\/\/tecplan.cl\/wp-content\/uploads\/2021\/11\/Auricular-920-01.jpg\" \/>\n\t<meta property=\"og:image:width\" content=\"2000\" \/>\n\t<meta property=\"og:image:height\" content=\"2000\" \/>\n\t<meta property=\"og:image:type\" content=\"image\/jpeg\" \/>\n<meta name=\"twitter:card\" content=\"summary_large_image\" \/>\n<script type=\"application\/ld+json\" class=\"yoast-schema-graph\">{\"@context\":\"https:\/\/schema.org\",\"@graph\":[{\"@type\":\"WebPage\",\"@id\":\"https:\/\/tecplan.cl\/producto\/auricular-inalambrico-jabra-pro-920\/\",\"url\":\"https:\/\/tecplan.cl\/producto\/auricular-inalambrico-jabra-pro-920\/\",\"name\":\"Auricular Inal\u00e1mbrico Jabra Pro 920 -\",\"isPartOf\":{\"@id\":\"https:\/\/tecplan.cl\/#website\"},\"primaryImageOfPage\":{\"@id\":\"https:\/\/tecplan.cl\/producto\/auricular-inalambrico-jabra-pro-920\/#primaryimage\"},\"image\":{\"@id\":\"https:\/\/tecplan.cl\/producto\/auricular-inalambrico-jabra-pro-920\/#primaryimage\"},\"thumbnailUrl\":\"\/wp-content\/uploads\/2021\/11\/Auricular-920-01.jpg\",\"datePublished\":\"2021-11-02T12:01:00+00:00\",\"dateModified\":\"2024-04-11T21:22:21+00:00\",\"breadcrumb\":{\"@id\":\"https:\/\/tecplan.cl\/producto\/auricular-inalambrico-jabra-pro-920\/#breadcrumb\"},\"inLanguage\":\"en-US\",\"potentialAction\":[{\"@type\":\"ReadAction\",\"target\":[\"https:\/\/tecplan.cl\/producto\/auricular-inalambrico-jabra-pro-920\/\"]}]},{\"@type\":\"ImageObject\",\"inLanguage\":\"en-US\",\"@id\":\"https:\/\/tecplan.cl\/producto\/auricular-inalambrico-jabra-pro-920\/#primaryimage\",\"url\":\"\/wp-content\/uploads\/2021\/11\/Auricular-920-01.jpg\",\"contentUrl\":\"\/wp-content\/uploads\/2021\/11\/Auricular-920-01.jpg\",\"width\":2000,\"height\":2000},{\"@type\":\"BreadcrumbList\",\"@id\":\"https:\/\/tecplan.cl\/producto\/auricular-inalambrico-jabra-pro-920\/#breadcrumb\",\"itemListElement\":[{\"@type\":\"ListItem\",\"position\":1,\"name\":\"Portada\",\"item\":\"https:\/\/tecplan.cl\/\"},{\"@type\":\"ListItem\",\"position\":2,\"name\":\"Productos\",\"item\":\"https:\/\/tecplan.cl\/shop\/\"},{\"@type\":\"ListItem\",\"position\":3,\"name\":\"Auricular Inal\u00e1mbrico Jabra Pro 920\"}]},{\"@type\":\"WebSite\",\"@id\":\"https:\/\/tecplan.cl\/#website\",\"url\":\"https:\/\/tecplan.cl\/\",\"name\":\"Tecplan Argentina\",\"description\":\"Tecnolog\u00edas y equipos de telecomunicaciones\",\"publisher\":{\"@id\":\"https:\/\/tecplan.cl\/#organization\"},\"potentialAction\":[{\"@type\":\"SearchAction\",\"target\":{\"@type\":\"EntryPoint\",\"urlTemplate\":\"https:\/\/tecplan.cl\/?s={search_term_string}\"},\"query-input\":{\"@type\":\"PropertyValueSpecification\",\"valueRequired\":true,\"valueName\":\"search_term_string\"}}],\"inLanguage\":\"en-US\"},{\"@type\":\"Organization\",\"@id\":\"https:\/\/tecplan.cl\/#organization\",\"name\":\"Tecplan Argentina\",\"url\":\"https:\/\/tecplan.cl\/\",\"logo\":{\"@type\":\"ImageObject\",\"inLanguage\":\"en-US\",\"@id\":\"https:\/\/tecplan.cl\/#\/schema\/logo\/image\/\",\"url\":\"\/wp-content\/uploads\/2023\/03\/logo-tecplan.gif\",\"contentUrl\":\"\/wp-content\/uploads\/2023\/03\/logo-tecplan.gif\",\"width\":1920,\"height\":486,\"caption\":\"Tecplan Argentina\"},\"image\":{\"@id\":\"https:\/\/tecplan.cl\/#\/schema\/logo\/image\/\"}}]}<\/script>\n<!-- \/ Yoast SEO plugin. -->","yoast_head_json":{"title":"Auricular Inal\u00e1mbrico Jabra Pro 920 -","robots":{"index":"index","follow":"follow","max-snippet":"max-snippet:-1","max-image-preview":"max-image-preview:large","max-video-preview":"max-video-preview:-1"},"canonical":"https:\/\/tecplan.cl\/en\/product\/auricular-inalambrico-jabra-pro-920\/","og_locale":"en_US","og_type":"article","og_title":"Auricular Inal\u00e1mbrico Jabra Pro 920 -","og_description":"Jabra Pro 920 es un auricular inal\u00e1mbrico monoaural dise\u00f1ado para ofrecer el m\u00e1ximo rendimiento y confort a los usuarios. Con el modelo Pro920 podr\u00e1 disfrutar del aumento en la productividad que brindan los dispositivos inal\u00e1mbricos. Sencillez, alta calidad y manejo intuitivo en una \u00fanica soluci\u00f3n inal\u00e1mbrica.  Caracter\u00edsticas:    Auricular: versi\u00f3n monoaural  Micr\u00f3fono antirruido  Gran nitidez sonora  Bot\u00f3n exclusivo para responder llamadas  Bot\u00f3n separado para el volumen  Indicador de LED de nivel de bater\u00eda  Ajustable a la cabeza  Amohadillas suaves y c\u00f3modas  Alcance de hasta 120 metros m\u00e1ximo  3 formas de sujetar: diadema, gancho y contorno nuca  Conectividad: DECT  Versi\u00f3n: Versi\u00f3n monoaural. Ref. 920-25-508-101   Optimizado para:    Telefon\u00eda fija","og_url":"https:\/\/tecplan.cl\/en\/product\/auricular-inalambrico-jabra-pro-920\/","article_modified_time":"2024-04-11T21:22:21+00:00","og_image":[{"width":2000,"height":2000,"url":"https:\/\/tecplan.cl\/wp-content\/uploads\/2021\/11\/Auricular-920-01.jpg","type":"image\/jpeg"}],"twitter_card":"summary_large_image","schema":{"@context":"https:\/\/schema.org","@graph":[{"@type":"WebPage","@id":"https:\/\/tecplan.cl\/producto\/auricular-inalambrico-jabra-pro-920\/","url":"https:\/\/tecplan.cl\/producto\/auricular-inalambrico-jabra-pro-920\/","name":"Auricular Inal\u00e1mbrico Jabra Pro 920 -","isPartOf":{"@id":"https:\/\/tecplan.cl\/#website"},"primaryImageOfPage":{"@id":"https:\/\/tecplan.cl\/producto\/auricular-inalambrico-jabra-pro-920\/#primaryimage"},"image":{"@id":"https:\/\/tecplan.cl\/producto\/auricular-inalambrico-jabra-pro-920\/#primaryimage"},"thumbnailUrl":"\/wp-content\/uploads\/2021\/11\/Auricular-920-01.jpg","datePublished":"2021-11-02T12:01:00+00:00","dateModified":"2024-04-11T21:22:21+00:00","breadcrumb":{"@id":"https:\/\/tecplan.cl\/producto\/auricular-inalambrico-jabra-pro-920\/#breadcrumb"},"inLanguage":"en-US","potentialAction":[{"@type":"ReadAction","target":["https:\/\/tecplan.cl\/producto\/auricular-inalambrico-jabra-pro-920\/"]}]},{"@type":"ImageObject","inLanguage":"en-US","@id":"https:\/\/tecplan.cl\/producto\/auricular-inalambrico-jabra-pro-920\/#primaryimage","url":"\/wp-content\/uploads\/2021\/11\/Auricular-920-01.jpg","contentUrl":"\/wp-content\/uploads\/2021\/11\/Auricular-920-01.jpg","width":2000,"height":2000},{"@type":"BreadcrumbList","@id":"https:\/\/tecplan.cl\/producto\/auricular-inalambrico-jabra-pro-920\/#breadcrumb","itemListElement":[{"@type":"ListItem","position":1,"name":"Portada","item":"https:\/\/tecplan.cl\/"},{"@type":"ListItem","position":2,"name":"Productos","item":"https:\/\/tecplan.cl\/shop\/"},{"@type":"ListItem","position":3,"name":"Auricular Inal\u00e1mbrico Jabra Pro 920"}]},{"@type":"WebSite","@id":"https:\/\/tecplan.cl\/#website","url":"https:\/\/tecplan.cl\/","name":"Tecplan Argentina","description":"Tecnolog\u00edas y equipos de telecomunicaciones","publisher":{"@id":"https:\/\/tecplan.cl\/#organization"},"potentialAction":[{"@type":"SearchAction","target":{"@type":"EntryPoint","urlTemplate":"https:\/\/tecplan.cl\/?s={search_term_string}"},"query-input":{"@type":"PropertyValueSpecification","valueRequired":true,"valueName":"search_term_string"}}],"inLanguage":"en-US"},{"@type":"Organization","@id":"https:\/\/tecplan.cl\/#organization","name":"Tecplan Argentina","url":"https:\/\/tecplan.cl\/","logo":{"@type":"ImageObject","inLanguage":"en-US","@id":"https:\/\/tecplan.cl\/#\/schema\/logo\/image\/","url":"\/wp-content\/uploads\/2023\/03\/logo-tecplan.gif","contentUrl":"\/wp-content\/uploads\/2023\/03\/logo-tecplan.gif","width":1920,"height":486,"caption":"Tecplan Argentina"},"image":{"@id":"https:\/\/tecplan.cl\/#\/schema\/logo\/image\/"}}]}},"_links":{"self":[{"href":"https:\/\/tecplan.cl\/en\/wp-json\/wp\/v2\/product\/2296"}],"collection":[{"href":"https:\/\/tecplan.cl\/en\/wp-json\/wp\/v2\/product"}],"about":[{"href":"https:\/\/tecplan.cl\/en\/wp-json\/wp\/v2\/types\/product"}],"replies":[{"embeddable":true,"href":"https:\/\/tecplan.cl\/en\/wp-json\/wp\/v2\/comments?post=2296"}],"version-history":[{"count":13,"href":"https:\/\/tecplan.cl\/en\/wp-json\/wp\/v2\/product\/2296\/revisions"}],"predecessor-version":[{"id":7269,"href":"https:\/\/tecplan.cl\/en\/wp-json\/wp\/v2\/product\/2296\/revisions\/7269"}],"wp:featuredmedia":[{"embeddable":true,"href":"https:\/\/tecplan.cl\/en\/wp-json\/wp\/v2\/media\/6555"}],"wp:attachment":[{"href":"https:\/\/tecplan.cl\/en\/wp-json\/wp\/v2\/media?parent=2296"}],"wp:term":[{"taxonomy":"product_brand","embeddable":true,"href":"https:\/\/tecplan.cl\/en\/wp-json\/wp\/v2\/product_brand?post=2296"},{"taxonomy":"product_cat","embeddable":true,"href":"https:\/\/tecplan.cl\/en\/wp-json\/wp\/v2\/product_cat?post=2296"},{"taxonomy":"product_tag","embeddable":true,"href":"https:\/\/tecplan.cl\/en\/wp-json\/wp\/v2\/product_tag?post=2296"}],"curies":[{"name":"wp","href":"https:\/\/api.w.org\/{rel}","templated":true}]}}