{"id":2290,"date":"2021-11-02T08:53:11","date_gmt":"2021-11-02T11:53:11","guid":{"rendered":"https:\/\/tecplan.cl\/?post_type=product&#038;p=2290"},"modified":"2024-01-29T17:49:51","modified_gmt":"2024-01-29T20:49:51","slug":"auricular-jabra-biz-2300-usb","status":"publish","type":"product","link":"https:\/\/tecplan.cl\/en\/product\/auricular-jabra-biz-2300-usb\/","title":{"rendered":"Jabra Biz 2300 USB Headset"},"content":{"rendered":"<p><strong>characteristics:<\/strong><\/p>\n<div class=\"caja_producto\">\n<ul>\n<li>Earphone: Binaural version<\/li>\n<li>Unbreakable arm rotates 360 degrees<\/li>\n<li>Plug &amp; Play<\/li>\n<li>PeakStop acoustic protection<\/li>\n<li>Noise cancelling microphone<\/li>\n<li>Broadband sound<\/li>\n<li>Fastening: headband<\/li>\n<li>Connectivity: USB<\/li>\n<li>Available version: Binaural version. Ref. 2399-829-109<\/li>\n<li>Available version: Microsoft Lync Binaural Version. Ref. 2399-823-109<\/li>\n<\/ul>\n<\/div>\n<p><strong>Optimized for:<\/strong><\/p>\n<div class=\"caja_producto\">\n<ul>\n<li>For PC.<\/li>\n<\/ul>\n<\/div>","protected":false},"excerpt":{"rendered":"<p>The Jabra Biz 2300 is a wired headset that can be connected to all leading Unified Communications applications and softphones. With this Jabra Biz 2300 binaural model, you can concentrate much more thanks to its two high-quality ear cushions.<\/p>\n<p>The Jabra Biz 2300 corded headset for contact centers offers excellent sound transmission and high user satisfaction. Its lightweight design offers various remote call control functions, directly from the headset itself or from the buttons integrated into the cable.<\/p>\n<div class=\"caja_producto\">\n<p>&nbsp;<\/p>\n<\/div>","protected":false},"featured_media":6561,"comment_status":"open","ping_status":"closed","template":"","meta":{"site-sidebar-layout":"default","site-content-layout":"","ast-site-content-layout":"default","site-content-style":"default","site-sidebar-style":"default","ast-global-header-display":"","ast-banner-title-visibility":"","ast-main-header-display":"","ast-hfb-above-header-display":"","ast-hfb-below-header-display":"","ast-hfb-mobile-header-display":"","site-post-title":"","ast-breadcrumbs-content":"","ast-featured-img":"","footer-sml-layout":"","theme-transparent-header-meta":"default","adv-header-id-meta":"","stick-header-meta":"","header-above-stick-meta":"","header-main-stick-meta":"","header-below-stick-meta":"","astra-migrate-meta-layouts":"set","ast-page-background-enabled":"default","ast-page-background-meta":{"desktop":{"background-color":"var(--ast-global-color-4)","background-image":"","background-repeat":"repeat","background-position":"center center","background-size":"auto","background-attachment":"scroll","background-type":"","background-media":"","overlay-type":"","overlay-color":"","overlay-opacity":"","overlay-gradient":""},"tablet":{"background-color":"","background-image":"","background-repeat":"repeat","background-position":"center center","background-size":"auto","background-attachment":"scroll","background-type":"","background-media":"","overlay-type":"","overlay-color":"","overlay-opacity":"","overlay-gradient":""},"mobile":{"background-color":"","background-image":"","background-repeat":"repeat","background-position":"center center","background-size":"auto","background-attachment":"scroll","background-type":"","background-media":"","overlay-type":"","overlay-color":"","overlay-opacity":"","overlay-gradient":""}},"ast-content-background-meta":{"desktop":{"background-color":"var(--ast-global-color-5)","background-image":"","background-repeat":"repeat","background-position":"center center","background-size":"auto","background-attachment":"scroll","background-type":"","background-media":"","overlay-type":"","overlay-color":"","overlay-opacity":"","overlay-gradient":""},"tablet":{"background-color":"var(--ast-global-color-5)","background-image":"","background-repeat":"repeat","background-position":"center center","background-size":"auto","background-attachment":"scroll","background-type":"","background-media":"","overlay-type":"","overlay-color":"","overlay-opacity":"","overlay-gradient":""},"mobile":{"background-color":"var(--ast-global-color-5)","background-image":"","background-repeat":"repeat","background-position":"center center","background-size":"auto","background-attachment":"scroll","background-type":"","background-media":"","overlay-type":"","overlay-color":"","overlay-opacity":"","overlay-gradient":""}}},"product_brand":[],"product_cat":[42],"product_tag":[],"class_list":{"0":"post-2290","1":"product","2":"type-product","3":"status-publish","4":"has-post-thumbnail","6":"product_cat-auriculares","7":"desktop-align-left","8":"tablet-align-left","9":"mobile-align-left","11":"first","12":"instock","13":"shipping-taxable","14":"product-type-simple"},"yoast_head":"<!-- This site is optimized with the Yoast SEO plugin v25.6 - https:\/\/yoast.com\/wordpress\/plugins\/seo\/ -->\n<title>Auricular Jabra Biz 2300 USB -<\/title>\n<meta name=\"robots\" content=\"index, follow, max-snippet:-1, max-image-preview:large, max-video-preview:-1\" \/>\n<link rel=\"canonical\" href=\"https:\/\/tecplan.cl\/en\/product\/auricular-jabra-biz-2300-usb\/\" \/>\n<meta property=\"og:locale\" content=\"en_US\" \/>\n<meta property=\"og:type\" content=\"article\" \/>\n<meta property=\"og:title\" content=\"Auricular Jabra Biz 2300 USB -\" \/>\n<meta property=\"og:description\" content=\"Jabra Biz 2300 es un auricular con cable para poder conectar con todas las aplicaciones l\u00edderes de Comunicaciones Unificadas y softphones. Con este modelo Jabra Biz 2300 biaural podr\u00e1 estar mucho m\u00e1s concentrado gracias a sus dos almohadillas de gran calidad.  El auricular Jabra Biz 2300 con cable para los Contact Centers ofrece una excelente transmisi\u00f3n del sonido y una alta satisfacci\u00f3n por parte de sus usuarios. Su dise\u00f1o ligero ofrece diversas funciones de control remoto de las llamadas, directamente desde el propio auricular o desde los botones integrados en el cable.   &nbsp;\" \/>\n<meta property=\"og:url\" content=\"https:\/\/tecplan.cl\/en\/product\/auricular-jabra-biz-2300-usb\/\" \/>\n<meta property=\"article:modified_time\" content=\"2024-01-29T20:49:51+00:00\" \/>\n<meta property=\"og:image\" content=\"https:\/\/tecplan.cl\/wp-content\/uploads\/2021\/11\/Auricular-Jabra-Biz-2300-USB-04.jpg\" \/>\n\t<meta property=\"og:image:width\" content=\"2000\" \/>\n\t<meta property=\"og:image:height\" content=\"2000\" \/>\n\t<meta property=\"og:image:type\" content=\"image\/jpeg\" \/>\n<meta name=\"twitter:card\" content=\"summary_large_image\" \/>\n<meta name=\"twitter:label1\" content=\"Est. reading time\" \/>\n\t<meta name=\"twitter:data1\" content=\"1 minute\" \/>\n<script type=\"application\/ld+json\" class=\"yoast-schema-graph\">{\"@context\":\"https:\/\/schema.org\",\"@graph\":[{\"@type\":\"WebPage\",\"@id\":\"https:\/\/tecplan.cl\/producto\/auricular-jabra-biz-2300-usb\/\",\"url\":\"https:\/\/tecplan.cl\/producto\/auricular-jabra-biz-2300-usb\/\",\"name\":\"Auricular Jabra Biz 2300 USB -\",\"isPartOf\":{\"@id\":\"https:\/\/tecplan.cl\/#website\"},\"primaryImageOfPage\":{\"@id\":\"https:\/\/tecplan.cl\/producto\/auricular-jabra-biz-2300-usb\/#primaryimage\"},\"image\":{\"@id\":\"https:\/\/tecplan.cl\/producto\/auricular-jabra-biz-2300-usb\/#primaryimage\"},\"thumbnailUrl\":\"\/wp-content\/uploads\/2021\/11\/Auricular-Jabra-Biz-2300-USB-04.jpg\",\"datePublished\":\"2021-11-02T11:53:11+00:00\",\"dateModified\":\"2024-01-29T20:49:51+00:00\",\"breadcrumb\":{\"@id\":\"https:\/\/tecplan.cl\/producto\/auricular-jabra-biz-2300-usb\/#breadcrumb\"},\"inLanguage\":\"en-US\",\"potentialAction\":[{\"@type\":\"ReadAction\",\"target\":[\"https:\/\/tecplan.cl\/producto\/auricular-jabra-biz-2300-usb\/\"]}]},{\"@type\":\"ImageObject\",\"inLanguage\":\"en-US\",\"@id\":\"https:\/\/tecplan.cl\/producto\/auricular-jabra-biz-2300-usb\/#primaryimage\",\"url\":\"\/wp-content\/uploads\/2021\/11\/Auricular-Jabra-Biz-2300-USB-04.jpg\",\"contentUrl\":\"\/wp-content\/uploads\/2021\/11\/Auricular-Jabra-Biz-2300-USB-04.jpg\",\"width\":2000,\"height\":2000},{\"@type\":\"BreadcrumbList\",\"@id\":\"https:\/\/tecplan.cl\/producto\/auricular-jabra-biz-2300-usb\/#breadcrumb\",\"itemListElement\":[{\"@type\":\"ListItem\",\"position\":1,\"name\":\"Portada\",\"item\":\"https:\/\/tecplan.cl\/\"},{\"@type\":\"ListItem\",\"position\":2,\"name\":\"Productos\",\"item\":\"https:\/\/tecplan.cl\/shop\/\"},{\"@type\":\"ListItem\",\"position\":3,\"name\":\"Auricular Jabra Biz 2300 USB\"}]},{\"@type\":\"WebSite\",\"@id\":\"https:\/\/tecplan.cl\/#website\",\"url\":\"https:\/\/tecplan.cl\/\",\"name\":\"Tecplan Argentina\",\"description\":\"Tecnolog\u00edas y equipos de telecomunicaciones\",\"publisher\":{\"@id\":\"https:\/\/tecplan.cl\/#organization\"},\"potentialAction\":[{\"@type\":\"SearchAction\",\"target\":{\"@type\":\"EntryPoint\",\"urlTemplate\":\"https:\/\/tecplan.cl\/?s={search_term_string}\"},\"query-input\":{\"@type\":\"PropertyValueSpecification\",\"valueRequired\":true,\"valueName\":\"search_term_string\"}}],\"inLanguage\":\"en-US\"},{\"@type\":\"Organization\",\"@id\":\"https:\/\/tecplan.cl\/#organization\",\"name\":\"Tecplan Argentina\",\"url\":\"https:\/\/tecplan.cl\/\",\"logo\":{\"@type\":\"ImageObject\",\"inLanguage\":\"en-US\",\"@id\":\"https:\/\/tecplan.cl\/#\/schema\/logo\/image\/\",\"url\":\"\/wp-content\/uploads\/2023\/03\/logo-tecplan.gif\",\"contentUrl\":\"\/wp-content\/uploads\/2023\/03\/logo-tecplan.gif\",\"width\":1920,\"height\":486,\"caption\":\"Tecplan Argentina\"},\"image\":{\"@id\":\"https:\/\/tecplan.cl\/#\/schema\/logo\/image\/\"}}]}<\/script>\n<!-- \/ Yoast SEO plugin. -->","yoast_head_json":{"title":"Auricular Jabra Biz 2300 USB -","robots":{"index":"index","follow":"follow","max-snippet":"max-snippet:-1","max-image-preview":"max-image-preview:large","max-video-preview":"max-video-preview:-1"},"canonical":"https:\/\/tecplan.cl\/en\/product\/auricular-jabra-biz-2300-usb\/","og_locale":"en_US","og_type":"article","og_title":"Auricular Jabra Biz 2300 USB -","og_description":"Jabra Biz 2300 es un auricular con cable para poder conectar con todas las aplicaciones l\u00edderes de Comunicaciones Unificadas y softphones. Con este modelo Jabra Biz 2300 biaural podr\u00e1 estar mucho m\u00e1s concentrado gracias a sus dos almohadillas de gran calidad.  El auricular Jabra Biz 2300 con cable para los Contact Centers ofrece una excelente transmisi\u00f3n del sonido y una alta satisfacci\u00f3n por parte de sus usuarios. Su dise\u00f1o ligero ofrece diversas funciones de control remoto de las llamadas, directamente desde el propio auricular o desde los botones integrados en el cable.   &nbsp;","og_url":"https:\/\/tecplan.cl\/en\/product\/auricular-jabra-biz-2300-usb\/","article_modified_time":"2024-01-29T20:49:51+00:00","og_image":[{"width":2000,"height":2000,"url":"https:\/\/tecplan.cl\/wp-content\/uploads\/2021\/11\/Auricular-Jabra-Biz-2300-USB-04.jpg","type":"image\/jpeg"}],"twitter_card":"summary_large_image","twitter_misc":{"Est. reading time":"1 minute"},"schema":{"@context":"https:\/\/schema.org","@graph":[{"@type":"WebPage","@id":"https:\/\/tecplan.cl\/producto\/auricular-jabra-biz-2300-usb\/","url":"https:\/\/tecplan.cl\/producto\/auricular-jabra-biz-2300-usb\/","name":"Auricular Jabra Biz 2300 USB -","isPartOf":{"@id":"https:\/\/tecplan.cl\/#website"},"primaryImageOfPage":{"@id":"https:\/\/tecplan.cl\/producto\/auricular-jabra-biz-2300-usb\/#primaryimage"},"image":{"@id":"https:\/\/tecplan.cl\/producto\/auricular-jabra-biz-2300-usb\/#primaryimage"},"thumbnailUrl":"\/wp-content\/uploads\/2021\/11\/Auricular-Jabra-Biz-2300-USB-04.jpg","datePublished":"2021-11-02T11:53:11+00:00","dateModified":"2024-01-29T20:49:51+00:00","breadcrumb":{"@id":"https:\/\/tecplan.cl\/producto\/auricular-jabra-biz-2300-usb\/#breadcrumb"},"inLanguage":"en-US","potentialAction":[{"@type":"ReadAction","target":["https:\/\/tecplan.cl\/producto\/auricular-jabra-biz-2300-usb\/"]}]},{"@type":"ImageObject","inLanguage":"en-US","@id":"https:\/\/tecplan.cl\/producto\/auricular-jabra-biz-2300-usb\/#primaryimage","url":"\/wp-content\/uploads\/2021\/11\/Auricular-Jabra-Biz-2300-USB-04.jpg","contentUrl":"\/wp-content\/uploads\/2021\/11\/Auricular-Jabra-Biz-2300-USB-04.jpg","width":2000,"height":2000},{"@type":"BreadcrumbList","@id":"https:\/\/tecplan.cl\/producto\/auricular-jabra-biz-2300-usb\/#breadcrumb","itemListElement":[{"@type":"ListItem","position":1,"name":"Portada","item":"https:\/\/tecplan.cl\/"},{"@type":"ListItem","position":2,"name":"Productos","item":"https:\/\/tecplan.cl\/shop\/"},{"@type":"ListItem","position":3,"name":"Auricular Jabra Biz 2300 USB"}]},{"@type":"WebSite","@id":"https:\/\/tecplan.cl\/#website","url":"https:\/\/tecplan.cl\/","name":"Tecplan Argentina","description":"Tecnolog\u00edas y equipos de telecomunicaciones","publisher":{"@id":"https:\/\/tecplan.cl\/#organization"},"potentialAction":[{"@type":"SearchAction","target":{"@type":"EntryPoint","urlTemplate":"https:\/\/tecplan.cl\/?s={search_term_string}"},"query-input":{"@type":"PropertyValueSpecification","valueRequired":true,"valueName":"search_term_string"}}],"inLanguage":"en-US"},{"@type":"Organization","@id":"https:\/\/tecplan.cl\/#organization","name":"Tecplan Argentina","url":"https:\/\/tecplan.cl\/","logo":{"@type":"ImageObject","inLanguage":"en-US","@id":"https:\/\/tecplan.cl\/#\/schema\/logo\/image\/","url":"\/wp-content\/uploads\/2023\/03\/logo-tecplan.gif","contentUrl":"\/wp-content\/uploads\/2023\/03\/logo-tecplan.gif","width":1920,"height":486,"caption":"Tecplan Argentina"},"image":{"@id":"https:\/\/tecplan.cl\/#\/schema\/logo\/image\/"}}]}},"_links":{"self":[{"href":"https:\/\/tecplan.cl\/en\/wp-json\/wp\/v2\/product\/2290"}],"collection":[{"href":"https:\/\/tecplan.cl\/en\/wp-json\/wp\/v2\/product"}],"about":[{"href":"https:\/\/tecplan.cl\/en\/wp-json\/wp\/v2\/types\/product"}],"replies":[{"embeddable":true,"href":"https:\/\/tecplan.cl\/en\/wp-json\/wp\/v2\/comments?post=2290"}],"version-history":[{"count":1,"href":"https:\/\/tecplan.cl\/en\/wp-json\/wp\/v2\/product\/2290\/revisions"}],"predecessor-version":[{"id":6562,"href":"https:\/\/tecplan.cl\/en\/wp-json\/wp\/v2\/product\/2290\/revisions\/6562"}],"wp:featuredmedia":[{"embeddable":true,"href":"https:\/\/tecplan.cl\/en\/wp-json\/wp\/v2\/media\/6561"}],"wp:attachment":[{"href":"https:\/\/tecplan.cl\/en\/wp-json\/wp\/v2\/media?parent=2290"}],"wp:term":[{"taxonomy":"product_brand","embeddable":true,"href":"https:\/\/tecplan.cl\/en\/wp-json\/wp\/v2\/product_brand?post=2290"},{"taxonomy":"product_cat","embeddable":true,"href":"https:\/\/tecplan.cl\/en\/wp-json\/wp\/v2\/product_cat?post=2290"},{"taxonomy":"product_tag","embeddable":true,"href":"https:\/\/tecplan.cl\/en\/wp-json\/wp\/v2\/product_tag?post=2290"}],"curies":[{"name":"wp","href":"https:\/\/api.w.org\/{rel}","templated":true}]}}