{"id":9238,"date":"2024-11-26T15:31:53","date_gmt":"2024-11-26T21:31:53","guid":{"rendered":"https:\/\/tecplan.cl\/?page_id=9238"},"modified":"2024-11-27T08:46:15","modified_gmt":"2024-11-27T14:46:15","slug":"formulario-internet-starlink","status":"publish","type":"page","link":"https:\/\/tecplan.cl\/en\/formulario-internet-starlink\/","title":{"rendered":"Formulario INTERNET STARLINK"},"content":{"rendered":"<div data-elementor-type=\"wp-page\" data-elementor-id=\"9238\" class=\"elementor elementor-9238\" data-elementor-post-type=\"page\">\n\t\t\t\t<div class=\"elementor-element elementor-element-e2521a9 e-flex e-con-boxed e-con e-parent\" data-id=\"e2521a9\" data-element_type=\"container\">\n\t\t\t\t\t<div class=\"e-con-inner\">\n\t\t\t\t<div class=\"elementor-element elementor-element-cb37e61 elementor-widget elementor-widget-spacer\" data-id=\"cb37e61\" data-element_type=\"widget\" data-widget_type=\"spacer.default\">\n\t\t\t\t<div class=\"elementor-widget-container\">\n\t\t\t\t\t\t\t<div class=\"elementor-spacer\">\n\t\t\t<div class=\"elementor-spacer-inner\"><\/div>\n\t\t<\/div>\n\t\t\t\t\t\t<\/div>\n\t\t\t\t<\/div>\n\t\t\t\t\t<\/div>\n\t\t\t\t<\/div>\n\t\t<div class=\"elementor-element elementor-element-f336ff6 e-flex e-con-boxed e-con e-parent\" data-id=\"f336ff6\" data-element_type=\"container\">\n\t\t\t\t\t<div class=\"e-con-inner\">\n\t\t<div class=\"elementor-element elementor-element-4e3b6ba e-con-full e-flex e-con e-child\" data-id=\"4e3b6ba\" data-element_type=\"container\">\n\t\t\t\t<div class=\"elementor-element elementor-element-9cc51eb elementor-widget elementor-widget-heading\" data-id=\"9cc51eb\" data-element_type=\"widget\" data-widget_type=\"heading.default\">\n\t\t\t\t<div class=\"elementor-widget-container\">\n\t\t\t\t\t<h2 class=\"elementor-heading-title elementor-size-default\">Formulario para gesti\u00f3n de servicio de INTERNET SATELITAL<\/h2>\t\t\t\t<\/div>\n\t\t\t\t<\/div>\n\t\t\t\t<div class=\"elementor-element elementor-element-f94644f elementor-widget elementor-widget-text-editor\" data-id=\"f94644f\" data-element_type=\"widget\" data-widget_type=\"text-editor.default\">\n\t\t\t\t<div class=\"elementor-widget-container\">\n\t\t\t\t\t\t\t\t\t<p>Si est\u00e1 interesado en el servicio de internet satelital Starlink por favor llene el siguiente formulario esto servir\u00e1 para recolectar informaci\u00f3n relevante para gestionar la instalaci\u00f3n del servicio de Starlink de manera eficiente.<\/p>\t\t\t\t\t\t\t\t<\/div>\n\t\t\t\t<\/div>\n\t\t\t\t<\/div>\n\t\t\t\t<div class=\"elementor-element elementor-element-1194abd elementor-widget elementor-widget-spacer\" data-id=\"1194abd\" data-element_type=\"widget\" data-widget_type=\"spacer.default\">\n\t\t\t\t<div class=\"elementor-widget-container\">\n\t\t\t\t\t\t\t<div class=\"elementor-spacer\">\n\t\t\t<div class=\"elementor-spacer-inner\"><\/div>\n\t\t<\/div>\n\t\t\t\t\t\t<\/div>\n\t\t\t\t<\/div>\n\t\t\t\t\t<\/div>\n\t\t\t\t<\/div>\n\t\t\t\t<\/div>","protected":false},"excerpt":{"rendered":"<p>Formulario para gesti\u00f3n de servicio de INTERNET SATELITAL Si est\u00e1 interesado en el servicio de internet satelital Starlink por favor llene el siguiente formulario esto servir\u00e1 para recolectar informaci\u00f3n relevante para gestionar la instalaci\u00f3n del servicio de Starlink de manera eficiente. Starlink Informaci\u00f3n del Cliente NombreApellidoCorreo Electr\u00f3nico* Colocar RUT (sin puntos y con guion):* *Direcci\u00f3n [&hellip;]<\/p>","protected":false},"author":2,"featured_media":0,"parent":0,"menu_order":0,"comment_status":"closed","ping_status":"closed","template":"","meta":{"site-sidebar-layout":"no-sidebar","site-content-layout":"page-builder","ast-site-content-layout":"full-width-container","site-content-style":"default","site-sidebar-style":"default","ast-global-header-display":"","ast-banner-title-visibility":"","ast-main-header-display":"","ast-hfb-above-header-display":"","ast-hfb-below-header-display":"","ast-hfb-mobile-header-display":"","site-post-title":"disabled","ast-breadcrumbs-content":"","ast-featured-img":"disabled","footer-sml-layout":"","theme-transparent-header-meta":"default","adv-header-id-meta":"","stick-header-meta":"","header-above-stick-meta":"","header-main-stick-meta":"","header-below-stick-meta":"","astra-migrate-meta-layouts":"set","ast-page-background-enabled":"default","ast-page-background-meta":{"desktop":{"background-color":"var(--ast-global-color-4)","background-image":"","background-repeat":"repeat","background-position":"center center","background-size":"auto","background-attachment":"scroll","background-type":"","background-media":"","overlay-type":"","overlay-color":"","overlay-opacity":"","overlay-gradient":""},"tablet":{"background-color":"","background-image":"","background-repeat":"repeat","background-position":"center center","background-size":"auto","background-attachment":"scroll","background-type":"","background-media":"","overlay-type":"","overlay-color":"","overlay-opacity":"","overlay-gradient":""},"mobile":{"background-color":"","background-image":"","background-repeat":"repeat","background-position":"center center","background-size":"auto","background-attachment":"scroll","background-type":"","background-media":"","overlay-type":"","overlay-color":"","overlay-opacity":"","overlay-gradient":""}},"ast-content-background-meta":{"desktop":{"background-color":"var(--ast-global-color-5)","background-image":"","background-repeat":"repeat","background-position":"center center","background-size":"auto","background-attachment":"scroll","background-type":"","background-media":"","overlay-type":"","overlay-color":"","overlay-opacity":"","overlay-gradient":""},"tablet":{"background-color":"var(--ast-global-color-5)","background-image":"","background-repeat":"repeat","background-position":"center center","background-size":"auto","background-attachment":"scroll","background-type":"","background-media":"","overlay-type":"","overlay-color":"","overlay-opacity":"","overlay-gradient":""},"mobile":{"background-color":"var(--ast-global-color-5)","background-image":"","background-repeat":"repeat","background-position":"center center","background-size":"auto","background-attachment":"scroll","background-type":"","background-media":"","overlay-type":"","overlay-color":"","overlay-opacity":"","overlay-gradient":""}},"footnotes":""},"class_list":["post-9238","page","type-page","status-publish","hentry"],"yoast_head":"<!-- This site is optimized with the Yoast SEO plugin v25.6 - https:\/\/yoast.com\/wordpress\/plugins\/seo\/ -->\n<title>Formulario INTERNET STARLINK -<\/title>\n<meta name=\"robots\" content=\"index, follow, max-snippet:-1, max-image-preview:large, max-video-preview:-1\" \/>\n<link rel=\"canonical\" href=\"https:\/\/tecplan.cl\/en\/formulario-internet-starlink\/\" \/>\n<meta property=\"og:locale\" content=\"en_US\" \/>\n<meta property=\"og:type\" content=\"article\" \/>\n<meta property=\"og:title\" content=\"Formulario INTERNET STARLINK -\" \/>\n<meta property=\"og:description\" content=\"Formulario para gesti\u00f3n de servicio de INTERNET SATELITAL Si est\u00e1 interesado en el servicio de internet satelital Starlink por favor llene el siguiente formulario esto servir\u00e1 para recolectar informaci\u00f3n relevante para gestionar la instalaci\u00f3n del servicio de Starlink de manera eficiente. Starlink Informaci\u00f3n del Cliente NombreApellidoCorreo Electr\u00f3nico* Colocar RUT (sin puntos y con guion):* *Direcci\u00f3n [&hellip;]\" \/>\n<meta property=\"og:url\" content=\"https:\/\/tecplan.cl\/en\/formulario-internet-starlink\/\" \/>\n<meta property=\"article:modified_time\" content=\"2024-11-27T14:46:15+00:00\" \/>\n<meta name=\"twitter:card\" content=\"summary_large_image\" \/>\n<meta name=\"twitter:label1\" content=\"Est. reading time\" \/>\n\t<meta name=\"twitter:data1\" content=\"4 minutes\" \/>\n<script type=\"application\/ld+json\" class=\"yoast-schema-graph\">{\"@context\":\"https:\/\/schema.org\",\"@graph\":[{\"@type\":\"WebPage\",\"@id\":\"https:\/\/tecplan.cl\/formulario-internet-starlink\/\",\"url\":\"https:\/\/tecplan.cl\/formulario-internet-starlink\/\",\"name\":\"Formulario INTERNET STARLINK -\",\"isPartOf\":{\"@id\":\"https:\/\/tecplan.cl\/#website\"},\"datePublished\":\"2024-11-26T21:31:53+00:00\",\"dateModified\":\"2024-11-27T14:46:15+00:00\",\"breadcrumb\":{\"@id\":\"https:\/\/tecplan.cl\/formulario-internet-starlink\/#breadcrumb\"},\"inLanguage\":\"en-US\",\"potentialAction\":[{\"@type\":\"ReadAction\",\"target\":[\"https:\/\/tecplan.cl\/formulario-internet-starlink\/\"]}]},{\"@type\":\"BreadcrumbList\",\"@id\":\"https:\/\/tecplan.cl\/formulario-internet-starlink\/#breadcrumb\",\"itemListElement\":[{\"@type\":\"ListItem\",\"position\":1,\"name\":\"Portada\",\"item\":\"https:\/\/tecplan.cl\/\"},{\"@type\":\"ListItem\",\"position\":2,\"name\":\"Formulario INTERNET STARLINK\"}]},{\"@type\":\"WebSite\",\"@id\":\"https:\/\/tecplan.cl\/#website\",\"url\":\"https:\/\/tecplan.cl\/\",\"name\":\"Tecplan Argentina\",\"description\":\"Tecnolog\u00edas y equipos de telecomunicaciones\",\"publisher\":{\"@id\":\"https:\/\/tecplan.cl\/#organization\"},\"potentialAction\":[{\"@type\":\"SearchAction\",\"target\":{\"@type\":\"EntryPoint\",\"urlTemplate\":\"https:\/\/tecplan.cl\/?s={search_term_string}\"},\"query-input\":{\"@type\":\"PropertyValueSpecification\",\"valueRequired\":true,\"valueName\":\"search_term_string\"}}],\"inLanguage\":\"en-US\"},{\"@type\":\"Organization\",\"@id\":\"https:\/\/tecplan.cl\/#organization\",\"name\":\"Tecplan Argentina\",\"url\":\"https:\/\/tecplan.cl\/\",\"logo\":{\"@type\":\"ImageObject\",\"inLanguage\":\"en-US\",\"@id\":\"https:\/\/tecplan.cl\/#\/schema\/logo\/image\/\",\"url\":\"\/wp-content\/uploads\/2023\/03\/logo-tecplan.gif\",\"contentUrl\":\"\/wp-content\/uploads\/2023\/03\/logo-tecplan.gif\",\"width\":1920,\"height\":486,\"caption\":\"Tecplan Argentina\"},\"image\":{\"@id\":\"https:\/\/tecplan.cl\/#\/schema\/logo\/image\/\"}}]}<\/script>\n<!-- \/ Yoast SEO plugin. -->","yoast_head_json":{"title":"Formulario INTERNET STARLINK -","robots":{"index":"index","follow":"follow","max-snippet":"max-snippet:-1","max-image-preview":"max-image-preview:large","max-video-preview":"max-video-preview:-1"},"canonical":"https:\/\/tecplan.cl\/en\/formulario-internet-starlink\/","og_locale":"en_US","og_type":"article","og_title":"Formulario INTERNET STARLINK -","og_description":"Formulario para gesti\u00f3n de servicio de INTERNET SATELITAL Si est\u00e1 interesado en el servicio de internet satelital Starlink por favor llene el siguiente formulario esto servir\u00e1 para recolectar informaci\u00f3n relevante para gestionar la instalaci\u00f3n del servicio de Starlink de manera eficiente. Starlink Informaci\u00f3n del Cliente NombreApellidoCorreo Electr\u00f3nico* Colocar RUT (sin puntos y con guion):* *Direcci\u00f3n [&hellip;]","og_url":"https:\/\/tecplan.cl\/en\/formulario-internet-starlink\/","article_modified_time":"2024-11-27T14:46:15+00:00","twitter_card":"summary_large_image","twitter_misc":{"Est. reading time":"4 minutes"},"schema":{"@context":"https:\/\/schema.org","@graph":[{"@type":"WebPage","@id":"https:\/\/tecplan.cl\/formulario-internet-starlink\/","url":"https:\/\/tecplan.cl\/formulario-internet-starlink\/","name":"Formulario INTERNET STARLINK -","isPartOf":{"@id":"https:\/\/tecplan.cl\/#website"},"datePublished":"2024-11-26T21:31:53+00:00","dateModified":"2024-11-27T14:46:15+00:00","breadcrumb":{"@id":"https:\/\/tecplan.cl\/formulario-internet-starlink\/#breadcrumb"},"inLanguage":"en-US","potentialAction":[{"@type":"ReadAction","target":["https:\/\/tecplan.cl\/formulario-internet-starlink\/"]}]},{"@type":"BreadcrumbList","@id":"https:\/\/tecplan.cl\/formulario-internet-starlink\/#breadcrumb","itemListElement":[{"@type":"ListItem","position":1,"name":"Portada","item":"https:\/\/tecplan.cl\/"},{"@type":"ListItem","position":2,"name":"Formulario INTERNET STARLINK"}]},{"@type":"WebSite","@id":"https:\/\/tecplan.cl\/#website","url":"https:\/\/tecplan.cl\/","name":"Tecplan Argentina","description":"Tecnolog\u00edas y equipos de telecomunicaciones","publisher":{"@id":"https:\/\/tecplan.cl\/#organization"},"potentialAction":[{"@type":"SearchAction","target":{"@type":"EntryPoint","urlTemplate":"https:\/\/tecplan.cl\/?s={search_term_string}"},"query-input":{"@type":"PropertyValueSpecification","valueRequired":true,"valueName":"search_term_string"}}],"inLanguage":"en-US"},{"@type":"Organization","@id":"https:\/\/tecplan.cl\/#organization","name":"Tecplan Argentina","url":"https:\/\/tecplan.cl\/","logo":{"@type":"ImageObject","inLanguage":"en-US","@id":"https:\/\/tecplan.cl\/#\/schema\/logo\/image\/","url":"\/wp-content\/uploads\/2023\/03\/logo-tecplan.gif","contentUrl":"\/wp-content\/uploads\/2023\/03\/logo-tecplan.gif","width":1920,"height":486,"caption":"Tecplan Argentina"},"image":{"@id":"https:\/\/tecplan.cl\/#\/schema\/logo\/image\/"}}]}},"_links":{"self":[{"href":"https:\/\/tecplan.cl\/en\/wp-json\/wp\/v2\/pages\/9238"}],"collection":[{"href":"https:\/\/tecplan.cl\/en\/wp-json\/wp\/v2\/pages"}],"about":[{"href":"https:\/\/tecplan.cl\/en\/wp-json\/wp\/v2\/types\/page"}],"author":[{"embeddable":true,"href":"https:\/\/tecplan.cl\/en\/wp-json\/wp\/v2\/users\/2"}],"replies":[{"embeddable":true,"href":"https:\/\/tecplan.cl\/en\/wp-json\/wp\/v2\/comments?post=9238"}],"version-history":[{"count":22,"href":"https:\/\/tecplan.cl\/en\/wp-json\/wp\/v2\/pages\/9238\/revisions"}],"predecessor-version":[{"id":9277,"href":"https:\/\/tecplan.cl\/en\/wp-json\/wp\/v2\/pages\/9238\/revisions\/9277"}],"wp:attachment":[{"href":"https:\/\/tecplan.cl\/en\/wp-json\/wp\/v2\/media?parent=9238"}],"curies":[{"name":"wp","href":"https:\/\/api.w.org\/{rel}","templated":true}]}}